{"id":2290,"date":"2024-03-01T13:48:05","date_gmt":"2024-03-01T10:48:05","guid":{"rendered":"https:\/\/lafethouse.com\/?page_id=2290"},"modified":"2025-04-25T02:06:46","modified_gmt":"2025-04-24T23:06:46","slug":"satis","status":"publish","type":"page","link":"https:\/\/lafethouse.com\/tr\/satis\/","title":{"rendered":"Sat\u0131\u015f"},"content":{"rendered":"<p>[vc_row css=&#8221;.vc_custom_1709289619638{margin-bottom: 30px !important;}&#8221;][vc_column]\n\t\t<div class=\"sales-list\"><\/div>[\/vc_column][vc_column offset=&#8221;vc_hidden-lg&#8221;][vc_empty_space height=&#8221;20px&#8221;][\/vc_column][\/vc_row][vc_row css=&#8221;.vc_custom_1709289619638{margin-bottom: 30px !important;}&#8221;][vc_column offset=&#8221;vc_hidden-sm vc_hidden-xs&#8221; css=&#8221;.vc_custom_1709290874661{padding-top: 0px !important;}&#8221;][vc_column_text]<strong><span style=\"font-size: 28px;\">En pop\u00fcler olan\u0131 \u00f6neriyoruz<\/span><\/strong><\/p>\n<p style=\"padding-left: 280px;\"><strong><span style=\"font-size: 28px;\">g\u00fcn\u00fcm\u00fcz teknolojisi \u2013 araba evleri<\/span><\/strong><\/p>\n<p>[\/vc_column_text][\/vc_column][vc_column offset=&#8221;vc_hidden-lg vc_hidden-md&#8221; css=&#8221;.vc_custom_1709290880572{padding-top: 0px !important;}&#8221;][vc_column_text]<strong><span style=\"font-size: 28px;\">En pop\u00fcler olan\u0131 \u00f6neriyoruz g\u00fcn\u00fcm\u00fcz teknolojisi \u2013 araba evleri<\/span><\/strong>[\/vc_column_text][\/vc_column][vc_column]<div class=\"catalog-cat-blocks\">\n\t\t\t\t<a href=\"\/tr\/proje-katalogu\/?technology%5B%5D=norw_carriage&cat=1&filter=yes&price=no\">\n\t\t\t\t\t<img decoding=\"async\" src=\"https:\/\/lafethouse.com\/wp-content\/uploads\/2023\/11\/image-94.png\" width=\"193\" height=\"101\">\n\t\t\t\t\t<div>Norve\u00e7 arabas\u0131<\/div>\n\t\t\t\t\t<svg xmlns=\"http:\/\/www.w3.org\/2000\/svg\" width=\"22\" height=\"17\" viewBox=\"0 0 22 17\" fill=\"none\">\n\t\t\t\t\t\t<path d=\"M0 8.51721L18 8.51721\" stroke=\"#fff\" stroke-width=\"3\" stroke-linejoin=\"bevel\"\/>\n\t\t\t\t\t\t<path d=\"M12.4824 2L18.9997 8.51724L12.4824 15.0345\" stroke=\"#fff\" stroke-width=\"3\"\/>\n\t\t\t\t\t<\/svg>\n\t\t\t\t<\/a><\/div>[\/vc_column][vc_column offset=&#8221;vc_hidden-lg&#8221;][vc_empty_space height=&#8221;20px&#8221;][\/vc_column][\/vc_row][vc_row full_width=&#8221;stretch_row_content_no_spaces&#8221; el_class=&#8221;overflow-visible&#8221;][vc_column]\n\t\t<div class=\"house-bg-left\">\n\t\t\t<img class=\"house\" decoding=\"async\" src=\"http:\/\/lafethouse.com\/wp-content\/uploads\/2024\/07\/Group-9.webp\">\n\t\t\t<img class=\"grass\" decoding=\"async\" src=\"\/wp-content\/uploads\/2024\/03\/image-112.png\">\n\t\t<\/div>[\/vc_column][\/vc_row][vc_row css=&#8221;.vc_custom_1709283979981{margin-bottom: 30px !important;}&#8221;][vc_column offset=&#8221;vc_hidden-sm vc_hidden-xs&#8221; css=&#8221;.vc_custom_1709290885321{padding-top: 0px !important;}&#8221;][vc_column_text]<strong><span style=\"font-size: 28px;\">Ayr\u0131ca in\u015fa edilmi\u015f evler <\/span><span style=\"color: #00b73e;\"><span style=\"font-size: 28px;\">de sunabiliriz<\/span><\/span><\/strong><\/p>\n<p style=\"padding-left: 280px;\"><strong><span style=\"font-size: 28px;\">A\u015fa\u011f\u0131daki <\/span><span style=\"color: #00b73e;\"><span style=\"font-size: 28px;\">teknolojileri kullanarak<\/span> <\/span><\/strong><\/p>\n<p>[\/vc_column_text][\/vc_column][vc_column offset=&#8221;vc_hidden-lg vc_hidden-md&#8221; css=&#8221;.vc_custom_1709290889373{padding-top: 0px !important;}&#8221;][vc_column_text]<strong><span style=\"font-size: 28px;\">Ayr\u0131ca in\u015fa edilmi\u015f evler de sunabiliriz A\u015fa\u011f\u0131daki teknolojileri kullanarak<\/span><\/strong>[\/vc_column_text][\/vc_column][vc_column]<div class=\"catalog-cat-blocks\">\n\t\t\t\t<a href=\"\/tr\/proje-katalogu\/?technology%5B%5D=mnl_logging\">\n\t\t\t\t\t<img decoding=\"async\" src=\"https:\/\/lafethouse.com\/wp-content\/uploads\/2023\/11\/image-94-1.png\" width=\"193\" height=\"101\">\n\t\t\t\t\t<div>Manuel g\u00fcnl\u00fck kayd\u0131<\/div>\n\t\t\t\t\t<svg xmlns=\"http:\/\/www.w3.org\/2000\/svg\" width=\"22\" height=\"17\" viewBox=\"0 0 22 17\" fill=\"none\">\n\t\t\t\t\t\t<path d=\"M0 8.51721L18 8.51721\" stroke=\"#fff\" stroke-width=\"3\" stroke-linejoin=\"bevel\"\/>\n\t\t\t\t\t\t<path d=\"M12.4824 2L18.9997 8.51724L12.4824 15.0345\" stroke=\"#fff\" stroke-width=\"3\"\/>\n\t\t\t\t\t<\/svg>\n\t\t\t\t<\/a>\n\t\t\t\t<a href=\"\/tr\/proje-katalogu\/?technology%5B%5D=prof_timber&cat=1&filter=yes&price=no\">\n\t\t\t\t\t<img decoding=\"async\" src=\"https:\/\/lafethouse.com\/wp-content\/uploads\/2023\/11\/image-94-2.png\" width=\"193\" height=\"101\">\n\t\t\t\t\t<div>Profilli kereste<\/div>\n\t\t\t\t\t<svg xmlns=\"http:\/\/www.w3.org\/2000\/svg\" width=\"22\" height=\"17\" viewBox=\"0 0 22 17\" fill=\"none\">\n\t\t\t\t\t\t<path d=\"M0 8.51721L18 8.51721\" stroke=\"#fff\" stroke-width=\"3\" stroke-linejoin=\"bevel\"\/>\n\t\t\t\t\t\t<path d=\"M12.4824 2L18.9997 8.51724L12.4824 15.0345\" stroke=\"#fff\" stroke-width=\"3\"\/>\n\t\t\t\t\t<\/svg>\n\t\t\t\t<\/a><\/div>[\/vc_column][vc_column offset=&#8221;vc_hidden-md vc_hidden-sm vc_hidden-xs&#8221;][vc_empty_space height=&#8221;70px&#8221;][\/vc_column][vc_column offset=&#8221;vc_hidden-lg&#8221;][vc_empty_space height=&#8221;20px&#8221;][\/vc_column][\/vc_row][vc_row css=&#8221;.vc_custom_1709284214592{margin-bottom: 30px !important;}&#8221;][vc_column offset=&#8221;vc_hidden-sm vc_hidden-xs&#8221; css=&#8221;.vc_custom_1709290973477{padding-top: 0px !important;}&#8221;][vc_column_text]<strong><span style=\"font-size: 28px;\">Benzersiz \u00f6zel evlerin in\u015fas\u0131<\/span><\/strong><\/p>\n<p style=\"padding-left: 280px;\"><strong><span style=\"font-size: 28px;\">Norve\u00e7 teknolojisini <\/span><span style=\"color: #00b73e;\"><span style=\"font-size: 28px;\">kullanan arabadan<\/span> <\/span><\/strong><\/p>\n<p>[\/vc_column_text][\/vc_column][vc_column offset=&#8221;vc_hidden-lg vc_hidden-md&#8221; css=&#8221;.vc_custom_1709290977798{padding-top: 0px !important;}&#8221;][vc_column_text]<strong><span style=\"font-size: 28px;\">Benzersiz \u00f6zel evlerin in\u015fas\u0131 Norve\u00e7 teknolojisini kullanan arabadan<\/span><\/strong>[\/vc_column_text][vc_empty_space height=&#8221;80px&#8221;][\/vc_column][vc_column]\n\t<div class=\"blog-row-head\">\n\t\t<a>\n\t\t\t<p>hepsini g\u00f6r<\/p>\n\t\t\t<svg width=\"34\" height=\"17\" viewBox=\"0 0 34 17\" fill=\"none\" xmlns=\"http:\/\/www.w3.org\/2000\/svg\"><path d=\"M1 9L30 8.5\" stroke=\"white\" stroke-width=\"3\" stroke-linejoin=\"bevel\"\/><path d=\"M24.4829 1.98291L31.0002 8.50015L24.4829 15.0174\" stroke=\"white\" stroke-width=\"3\"\/><\/svg>\n\t\t<\/a>\n\t<\/div>\n\n\n\n\t<div class=\"small-forms-block\">\t\n\t\t\t\t<a class=\"small-forms-short\" href=\"\/\">\n\t\t\t\t\t<img decoding=\"async\" src=\"https:\/\/lafethouse.com\/wp-content\/uploads\/2023\/11\/image-2.png\" width=\"490\" height=\"341\">\n\t\t\t\t\t<div>Hamam<\/div>\n\t\t\t\t<\/a>\n\t\t\t\t<a class=\"small-forms-long\" href=\"\/small-forms\/gazebos\/\">\n\t\t\t\t\t<img decoding=\"async\" src=\"https:\/\/lafethouse.com\/wp-content\/uploads\/2023\/11\/image-1.png\" width=\"698\" height=\"341\">\n\t\t\t\t\t<div>\u00c7ardaklar<\/div>\n\t\t\t\t<\/a>\n\t\t\t\t\n\t\t\t\t<a class=\"small-forms-long\" href=\"\/small-forms\/garage\/\">\n\t\t\t\t\t<img decoding=\"async\" src=\"https:\/\/lafethouse.com\/wp-content\/uploads\/2023\/11\/image.png\" width=\"698\" height=\"341\">\n\t\t\t\t\t<div>Garaj<\/div>\n\t\t\t\t<\/a>\n\t\t\t\t<a class=\"small-forms-short\" href=\"\/small-forms\/fence\/\">\n\t\t\t\t\t<img decoding=\"async\" src=\"https:\/\/lafethouse.com\/wp-content\/uploads\/2023\/11\/background-1.png\" width=\"490\" height=\"341\">\n\t\t\t\t\t<div>\u00c7it<\/div>\n\t\t\t\t<\/a>\n\t\t\t<\/div>\n\t<div class=\"watch-all-mob\">\n\t\t<a href=\"\/small-forms\/\">\n\t\t\t<p>hepsini g\u00f6r<\/p>\n\t\t\t<svg width=\"34\" height=\"17\" viewBox=\"0 0 34 17\" fill=\"none\" xmlns=\"http:\/\/www.w3.org\/2000\/svg\"><path d=\"M1 9L30 8.5\" stroke=\"white\" stroke-width=\"3\" stroke-linejoin=\"bevel\"\/><path d=\"M24.4829 1.98291L31.0002 8.50015L24.4829 15.0174\" stroke=\"white\" stroke-width=\"3\"\/><\/svg>\n\t\t<\/a>\n\t<\/div>[\/vc_column][vc_column][\/vc_column][\/vc_row][vc_row][vc_column][vc_column_text]<\/p>\n<p style=\"text-align: right;\"><strong><span style=\"font-size: 28px;\">Fikrinizi hayata <span style=\"color: #00b73e;\">ge\u00e7irmeye haz\u0131r\u0131z<\/span><\/span><\/strong><\/p>\n<p style=\"text-align: right;\">\u0130lginizi \u00e7eken soruyu bize sorun, mimarlar\u0131m\u0131z size cevap versin!<\/p>\n<p>[\/vc_column_text][\/vc_column][\/vc_row][vc_row][vc_column]\n\t<div class=\"question-form\">\n\t\t<div class=\"question-form-bg\"><\/div>\n\t\t<div class=\"question-form-content\">\n\t\t\t<div>\n\t\t\t\t<img decoding=\"async\" src=\"\/wp-content\/uploads\/2024\/01\/Group-587.png\">\n\t\t\t<\/div>\n\t\t\t<form>\n\t\t\t\t<div class=\"question-form-field\">\n\t\t\t\t\t<p class=\"question-form-label\">Ad\u0131n\u0131z\u0131 girin<\/p>\n\t\t\t\t\t<input type=\"text\" name=\"user-name\" class=\"w100\" required=\"\">\n\t\t\t\t<\/div>\n\t\t\t\t<div class=\"question-form-field\">\n\t\t\t\t\t<p class=\"question-form-label\">Telefon numaran\u0131z\u0131 girin<\/p>\n\t\t\t\t\t<input type=\"tel\" name=\"user-tel\" class=\"tel_order_monia w100 tel\" required=\"\">\n\t\t\t\t<\/div>\n\t\t\t\t<div class=\"question-form-field\">\n\t\t\t\t\t<p class=\"question-form-label\">Sorunuzu girin<\/p>\n\t\t\t\t\t<input type=\"text\" name=\"user-question\" class=\"w100\" required=\"\">\n\t\t\t\t<\/div>\n\n\t\t\t\t<input type=\"hidden\" name=\"subject\" value=\"\">\n\t\t\t\t<div class=\"proof\"><p>* T\u0131klayarak veya yazarak, bizim <a href=\"\/terms-of-use\/\">Kullan\u0131m \u015eartlar\u0131<\/a><\/p><\/div>\n\t\t\t\t<input type=\"submit\" name=\"submit_callback\" class=\"form_callback mb20 pretty-button\" value=\"bir soru g\u00f6nder\">\n\t\t\t<\/form>\n\t\t<\/div>\n\t<\/div>[\/vc_column][\/vc_row]<\/p>\n","protected":false},"excerpt":{"rendered":"<p>[vc_row css=&#8221;.vc_custom_1709289619638{margin-bottom: 30px !important;}&#8221;][vc_column][\/vc_column][vc_column offset=&#8221;vc_hidden-lg&#8221;][vc_empty_space height=&#8221;20px&#8221;][\/vc_column][\/vc_row][vc_row css=&#8221;.vc_custom_1709289619638{margin-bottom: 30px !important;}&#8221;][vc_column offset=&#8221;vc_hidden-sm vc_hidden-xs&#8221; css=&#8221;.vc_custom_1709290874661{padding-top: 0px !important;}&#8221;][vc_column_text]En pop\u00fcler olan\u0131 \u00f6neriyoruz g\u00fcn\u00fcm\u00fcz teknolojisi \u2013 araba evleri [\/vc_column_text][\/vc_column][vc_column offset=&#8221;vc_hidden-lg vc_hidden-md&#8221; css=&#8221;.vc_custom_1709290880572{padding-top: 0px !important;}&#8221;][vc_column_text]En pop\u00fcler olan\u0131 \u00f6neriyoruz g\u00fcn\u00fcm\u00fcz teknolojisi \u2013 araba evleri[\/vc_column_text][\/vc_column][vc_column][\/vc_column][vc_column offset=&#8221;vc_hidden-lg&#8221;][vc_empty_space height=&#8221;20px&#8221;][\/vc_column][\/vc_row][vc_row full_width=&#8221;stretch_row_content_no_spaces&#8221; el_class=&#8221;overflow-visible&#8221;][vc_column][\/vc_column][\/vc_row][vc_row css=&#8221;.vc_custom_1709283979981{margin-bottom: 30px !important;}&#8221;][vc_column offset=&#8221;vc_hidden-sm vc_hidden-xs&#8221; css=&#8221;.vc_custom_1709290885321{padding-top: 0px !important;}&#8221;][vc_column_text]Ayr\u0131ca in\u015fa edilmi\u015f evler de sunabiliriz A\u015fa\u011f\u0131daki teknolojileri [&hellip;]<\/p>\n","protected":false},"author":1,"featured_media":0,"parent":0,"menu_order":0,"comment_status":"closed","ping_status":"closed","template":"","meta":{"footnotes":""},"yst_prominent_words":[],"class_list":["post-2290","page","type-page","status-publish","hentry"],"_links":{"self":[{"href":"https:\/\/lafethouse.com\/tr\/wp-json\/wp\/v2\/pages\/2290","targetHints":{"allow":["GET"]}}],"collection":[{"href":"https:\/\/lafethouse.com\/tr\/wp-json\/wp\/v2\/pages"}],"about":[{"href":"https:\/\/lafethouse.com\/tr\/wp-json\/wp\/v2\/types\/page"}],"author":[{"embeddable":true,"href":"https:\/\/lafethouse.com\/tr\/wp-json\/wp\/v2\/users\/1"}],"replies":[{"embeddable":true,"href":"https:\/\/lafethouse.com\/tr\/wp-json\/wp\/v2\/comments?post=2290"}],"version-history":[{"count":4,"href":"https:\/\/lafethouse.com\/tr\/wp-json\/wp\/v2\/pages\/2290\/revisions"}],"predecessor-version":[{"id":2294,"href":"https:\/\/lafethouse.com\/tr\/wp-json\/wp\/v2\/pages\/2290\/revisions\/2294"}],"wp:attachment":[{"href":"https:\/\/lafethouse.com\/tr\/wp-json\/wp\/v2\/media?parent=2290"}],"wp:term":[{"taxonomy":"yst_prominent_words","embeddable":true,"href":"https:\/\/lafethouse.com\/tr\/wp-json\/wp\/v2\/yst_prominent_words?post=2290"}],"curies":[{"name":"wp","href":"https:\/\/api.w.org\/{rel}","templated":true}]}}