{"id":2282,"date":"2024-07-01T11:42:40","date_gmt":"2024-07-01T08:42:40","guid":{"rendered":"https:\/\/lafethouse.com\/?page_id=2282"},"modified":"2025-04-24T14:36:32","modified_gmt":"2025-04-24T11:36:32","slug":"hizmetler","status":"publish","type":"page","link":"https:\/\/lafethouse.com\/tr\/hizmetler\/","title":{"rendered":"Hizmetler"},"content":{"rendered":"<p>[vc_row][vc_column][vc_column_text]Ah\u015fap evler \u00e7ok pop\u00fclerdir. \u00c7evre dostu, \u00e7ekici ve dayan\u0131kl\u0131d\u0131r. Firmam\u0131z sadece tasar\u0131mla u\u011fra\u015fmaz, ayn\u0131 zamanda ah\u015fap bir evin dekorasyonu i\u00e7in de hizmet sunar: i\u00e7 ve d\u0131\u015f.[\/vc_column_text][\/vc_column][\/vc_row][vc_row][vc_column]<div class=\"services-list\">\n\t\t\t\t\t<div>\n\t\t\t\t\t\t<div>\n\t\t\t\t\t\t\t<img decoding=\"async\" src=\"https:\/\/lafethouse.com\/wp-content\/uploads\/2024\/02\/Rectangle.png\" alt=\"Polishing of wooden log cabins, houses and baths\">\n\t\t\t\t\t\t<\/div>\n\t\t\t\t\t\t<p>Polishing of wooden log cabins, houses and baths<\/p>\n\t\t\t\t\t<\/div>\n\t\t\t\t\n\t\t\t\t\t<div>\n\t\t\t\t\t\t<div>\n\t\t\t\t\t\t\t<img decoding=\"async\" src=\"https:\/\/lafethouse.com\/wp-content\/uploads\/2024\/02\/Rectangle-1.png\" alt=\"Bleaching of log cabin walls\">\n\t\t\t\t\t\t<\/div>\n\t\t\t\t\t\t<p>Bleaching of log cabin walls<\/p>\n\t\t\t\t\t<\/div>\n\t\t\t\t<\/div>[\/vc_column][\/vc_row][vc_row][vc_column][vc_column_text]<\/p>\n<h2><strong><span>D\u0131\u015f cephe kaplamas\u0131<\/span><\/strong><\/h2>\n<p><span>Ah\u015fap evler benzersiz bir estetik dokuya sahiptir ve ek i\u015flemlere tabi tutulmaz. Ancak ev, so\u011fuk mevsimlerde bile s\u0131cak kalabilmesi i\u00e7in iyi yal\u0131t\u0131lm\u0131\u015f ve korunakl\u0131 olmal\u0131d\u0131r. Bu nedenle, ah\u015fap bir evin d\u0131\u015f dekorasyonu her zevke ve b\u00fct\u00e7eye uygun bir\u00e7ok se\u00e7ene\u011fe sahiptir:<\/span><\/p>\n<ul>\n<li><span style=\"color: #00b73c;\">Astar<\/span><span><span style=\"color: #00b73c;\">\u00a0<\/span>. \u00d6zel bir bitirme tahtas\u0131d\u0131r &#8211; en basit ve en ucuz malzeme. Tamamen ah\u015faptan yap\u0131l\u0131r. Genellikle 1,5-6 metre uzunlu\u011fundad\u0131r ve %15&#8217;e kadar nem oran\u0131na sahiptir. Bitirilmesi minimum zaman gerektirir, emdirme i\u015flemi ve boyama sunar. Bu t\u00fcr kaplamalar\u0131n dezavantaj\u0131 yang\u0131na kar\u015f\u0131 dengesiz olmas\u0131d\u0131r. Ayr\u0131ca dayan\u0131kl\u0131l\u0131\u011f\u0131 nedeniyle pop\u00fcler bir ah\u015fap-polimer astar\u0131d\u0131r.<\/span><\/li>\n<li><span style=\"color: #00b73c;\">Bir kiri\u015fin taklidi<\/span><span>\u00a0. Ladin ve \u00e7am tahtalar\u0131 kullan\u0131l\u0131r. Yatay olarak, belirgin oluklar olmadan yerle\u015ftirilirler. Di\u011fer malzemelerle kombinasyonlar kullan\u0131l\u0131r: metal ve ta\u015f.<\/span><\/li>\n<li><span style=\"color: #00b73c;\">Siding<\/span><span>\u00a0. En yayg\u0131n se\u00e7enek. \u00c7elik, ah\u015fap, seramik, bak\u0131r, \u00e7imento ve al\u00fcminyumdan yap\u0131lm\u0131\u015f paneller polimer bir bile\u015fimle kaplan\u0131r ve boyan\u0131r. Malzemenin d\u00fczg\u00fcn bir g\u00f6r\u00fcn\u00fcm\u00fc vard\u0131r, dayan\u0131kl\u0131d\u0131r, ah\u015fab\u0131 iyi taklit eder. Minimum bak\u0131m gerektirir.<\/span><\/li>\n<li><span style=\"color: #00b73c;\">Profilli d\u00f6\u015feme<\/span><span>\u00a0. Malzeme, koruyucu tabakal\u0131 galvanizli veya \u00e7elik sacd\u0131r. Bu se\u00e7ene\u011fin ba\u015fl\u0131ca avantajlar\u0131: dayan\u0131kl\u0131l\u0131k, ekonomi, geni\u015f renk yelpazesi.<\/span><\/li>\n<\/ul>\n<h2><span>Ah\u015fap evin i\u00e7 dekorasyonu<\/span><\/h2>\n<p><span>\u0130\u00e7 mekan bitirme \u00e7al\u0131\u015fmalar\u0131 t\u00fcm tesisatlar kuruldu\u011funda ba\u015flar. \u0130\u00e7 dekorasyon \u00e7al\u0131\u015fmalar\u0131 esas olarak \u015funlar\u0131 i\u00e7erir:<\/span><\/p>\n<ul>\n<li><span>Duvarlar\u0131n koruyucu bile\u015fiklerle i\u015flenmesi<\/span><\/li>\n<li><span>Kaplama malzemesi ile kaplama<\/span><\/li>\n<li><span>Tavan ve zemin montaj\u0131<\/span><\/li>\n<li><span>Tablo<\/span><\/li>\n<\/ul>\n<p><span>Evi b\u00f6ceklerden, korozyondan ve k\u00fcften korumak i\u00e7in t\u00fcm i\u00e7 duvarlar\u0131 ve ah\u015fap y\u00fczeyleri antiseptikle i\u015flemek \u00f6nemlidir. Her m\u00fc\u015fteri kendi karar\u0131n\u0131 verir: ah\u015fap bir evin kaplamas\u0131n\u0131 sipari\u015f etmek veya kiri\u015fin orijinal g\u00f6r\u00fcn\u00fcm\u00fcn\u00fc b\u0131rakmak. En yayg\u0131n malzemeler al\u00e7\u0131pan, kalas, blok evdir. Uzmanlar\u0131m\u0131z t\u00fcm sorular\u0131n\u0131z\u0131 yan\u0131tlamaya, tavsiyede bulunmaya, her malzemenin avantajlar\u0131n\u0131 anlatmaya haz\u0131r. Ah\u015fap bir evin anahtar teslim kaplamas\u0131n\u0131 ger\u00e7ekle\u015ftiriyoruz: i\u015fin t\u00fcm a\u015famalar\u0131. Yal\u0131t\u0131m\u0131, ya\u015fam alan\u0131n\u0131n \u00e7at\u0131 kat\u0131yla ba\u011flant\u0131s\u0131n\u0131 ve her bir projenin di\u011fer n\u00fcanslar\u0131n\u0131 dikkate al\u0131yoruz.<\/span><\/p>\n<p><span>Ah\u015fap her zaman e\u015fsiz bir malzeme olarak kabul edildi. G\u00fcn\u00fcm\u00fczde, do\u011fal nitelikleri en s\u0131ra d\u0131\u015f\u0131 tasar\u0131mlar\u0131 yaratman\u0131za olanak tan\u0131r. Ancak ah\u015fap dekorasyon \u00f6zellikle pop\u00fclerdir. \u00c7e\u015fitli ev i\u00e7 mekanlar\u0131, ah\u015fap malzemeyi bir kaplama malzemesi olarak dikkate alabilir. Banyolar gibi modern teknolojiler kullan\u0131larak yap\u0131lan projeler, ah\u015fap kullan\u0131lmadan olmaz. Yard\u0131m\u0131yla benzersiz bir mikro iklim yarat\u0131l\u0131r, hava temizlenir ve bu insan v\u00fccudu i\u00e7in \u00e7ok faydal\u0131d\u0131r. Ah\u015fap kaplama hizmetlerini en uygun fiyatlarla sunuyoruz.<\/span>[\/vc_column_text][\/vc_column][\/vc_row][vc_row][vc_column offset=&#8221;vc_hidden-sm vc_hidden-xs&#8221; css=&#8221;.vc_custom_1719828221952{padding-top: 0px !important;}&#8221;][vc_empty_space height=&#8221;30px&#8221;][\/vc_column][vc_column offset=&#8221;vc_hidden-xs&#8221; css=&#8221;.vc_custom_1719828227876{padding-top: 0px !important;}&#8221;][vc_empty_space height=&#8221;20px&#8221;][\/vc_column][vc_column css=&#8221;.vc_custom_1719828234925{padding-top: 0px !important;}&#8221;][vc_column_text]<span style=\"font-size: 28px;\"><strong>Yapt\u0131\u011f\u0131m\u0131z projeler<\/strong><\/span>[\/vc_column_text]\n\t<div class=\"blog-row-head\">\n\t\t<a href=\"\">\n\t\t\t<p>hepsini g\u00f6r<\/p>\n\t\t\t<svg width=\"34\" height=\"17\" viewBox=\"0 0 34 17\" fill=\"none\" xmlns=\"http:\/\/www.w3.org\/2000\/svg\"><path d=\"M1 9L30 8.5\" stroke=\"white\" stroke-width=\"3\" stroke-linejoin=\"bevel\"\/><path d=\"M24.4829 1.98291L31.0002 8.50015L24.4829 15.0174\" stroke=\"white\" stroke-width=\"3\"\/><\/svg>\n\t\t<\/a>\n\t<\/div>\n\t<div class=\"projects-slider\">\n\t\t\t\t\t<div class=\"projects-slide\"><a href=\"\/projects\/\">\n\t\t\t\t\t\t\t\t<img decoding=\"async\" src=\"https:\/\/lafethouse.com\/wp-content\/uploads\/2024\/01\/image-101.png\">\n\t\t\t\t\t\t\t\t<div><p>Manual logging house<\/p><div><svg width=\"29\" height=\"26\" viewBox=\"0 0 29 26\" fill=\"none\" xmlns=\"http:\/\/www.w3.org\/2000\/svg\"><path d=\"M18.2504 26H10.8104V16.4H0.634375V9.728H10.8104V0.175998H18.2504V9.728H28.3784V16.4H18.2504V26Z\" fill=\"white\"\/><\/svg><\/div>\n\t\t\t\t\t\t\t\t<\/div>\n\t\t\t\t\t\t\t<\/a>\n\t\t\t\t\t\t\t\t<a href=\"\/projects\/\">\n\t\t\t\t\t\t\t\t\t<img decoding=\"async\" src=\"https:\/\/lafethouse.com\/wp-content\/uploads\/2024\/01\/image-102.png\">\n\t\t\t\t\t\t\t\t\t<div><p>Profiled timber house<\/p><div><svg width=\"29\" height=\"26\" viewBox=\"0 0 29 26\" fill=\"none\" xmlns=\"http:\/\/www.w3.org\/2000\/svg\"><path d=\"M18.2504 26H10.8104V16.4H0.634375V9.728H10.8104V0.175998H18.2504V9.728H28.3784V16.4H18.2504V26Z\" fill=\"white\"\/><\/svg><\/div>\n\t\t\t\t\t\t\t\t\t<\/div>\n\t\t\t\t\t\t\t\t<\/a><\/div>\n\t\t\t\t\t<div class=\"projects-slide\"><a href=\"\/projects\/\">\n\t\t\t\t\t\t\t\t<img decoding=\"async\" src=\"https:\/\/lafethouse.com\/wp-content\/uploads\/2024\/01\/image-106.png\">\n\t\t\t\t\t\t\t\t<div><p>Bathhouse project<\/p><div><svg width=\"29\" height=\"26\" viewBox=\"0 0 29 26\" fill=\"none\" xmlns=\"http:\/\/www.w3.org\/2000\/svg\"><path d=\"M18.2504 26H10.8104V16.4H0.634375V9.728H10.8104V0.175998H18.2504V9.728H28.3784V16.4H18.2504V26Z\" fill=\"white\"\/><\/svg><\/div>\n\t\t\t\t\t\t\t\t<\/div>\n\t\t\t\t\t\t\t<\/a>\n\t\t\t\t\t\t\t\t<a href=\"\/projects\/\">\n\t\t\t\t\t\t\t\t\t<img decoding=\"async\" src=\"https:\/\/lafethouse.com\/wp-content\/uploads\/2024\/01\/image-104.png\">\n\t\t\t\t\t\t\t\t\t<div><p>Profiled timber house<\/p><div><svg width=\"29\" height=\"26\" viewBox=\"0 0 29 26\" fill=\"none\" xmlns=\"http:\/\/www.w3.org\/2000\/svg\"><path d=\"M18.2504 26H10.8104V16.4H0.634375V9.728H10.8104V0.175998H18.2504V9.728H28.3784V16.4H18.2504V26Z\" fill=\"white\"\/><\/svg><\/div>\n\t\t\t\t\t\t\t\t\t<\/div>\n\t\t\t\t\t\t\t\t<\/a><\/div>\n\t\t\t\t\t<div class=\"projects-slide\"><a href=\"\/projects\/\">\n\t\t\t\t\t\t\t\t<img decoding=\"async\" src=\"https:\/\/lafethouse.com\/wp-content\/uploads\/2024\/01\/image-105.png\">\n\t\t\t\t\t\t\t\t<div><p>Garage for cars<\/p><div><svg width=\"29\" height=\"26\" viewBox=\"0 0 29 26\" fill=\"none\" xmlns=\"http:\/\/www.w3.org\/2000\/svg\"><path d=\"M18.2504 26H10.8104V16.4H0.634375V9.728H10.8104V0.175998H18.2504V9.728H28.3784V16.4H18.2504V26Z\" fill=\"white\"\/><\/svg><\/div>\n\t\t\t\t\t\t\t\t<\/div>\n\t\t\t\t\t\t\t<\/a>\n\t\t\t\t\t\t\t\t<a href=\"\/projects\/\">\n\t\t\t\t\t\t\t\t\t<img decoding=\"async\" src=\"https:\/\/lafethouse.com\/wp-content\/uploads\/2024\/01\/image-103.png\">\n\t\t\t\t\t\t\t\t\t<div><p>Gazebos projects<\/p><div><svg width=\"29\" height=\"26\" viewBox=\"0 0 29 26\" fill=\"none\" xmlns=\"http:\/\/www.w3.org\/2000\/svg\"><path d=\"M18.2504 26H10.8104V16.4H0.634375V9.728H10.8104V0.175998H18.2504V9.728H28.3784V16.4H18.2504V26Z\" fill=\"white\"\/><\/svg><\/div>\n\t\t\t\t\t\t\t\t\t<\/div>\n\t\t\t\t\t\t\t\t<\/a><\/div>\n\t\t\t\t\t<div class=\"projects-slide\"><a href=\"\/projects\/\">\n\t\t\t\t\t\t\t\t<img decoding=\"async\" src=\"https:\/\/lafethouse.com\/wp-content\/uploads\/2024\/01\/image-106.png\">\n\t\t\t\t\t\t\t\t<div><div><svg width=\"29\" height=\"26\" viewBox=\"0 0 29 26\" fill=\"none\" xmlns=\"http:\/\/www.w3.org\/2000\/svg\"><path d=\"M18.2504 26H10.8104V16.4H0.634375V9.728H10.8104V0.175998H18.2504V9.728H28.3784V16.4H18.2504V26Z\" fill=\"white\"\/><\/svg><\/div>\n\t\t\t\t\t\t\t\t<\/div>\n\t\t\t\t\t\t\t<\/a>\n\t\t\t\t\t\t\t\t<a href=\"\/projects\/\">\n\t\t\t\t\t\t\t\t\t<img decoding=\"async\" src=\"https:\/\/lafethouse.com\/wp-content\/uploads\/2024\/01\/image-104.png\">\n\t\t\t\t\t\t\t\t\t<div><div><svg width=\"29\" height=\"26\" viewBox=\"0 0 29 26\" fill=\"none\" xmlns=\"http:\/\/www.w3.org\/2000\/svg\"><path d=\"M18.2504 26H10.8104V16.4H0.634375V9.728H10.8104V0.175998H18.2504V9.728H28.3784V16.4H18.2504V26Z\" fill=\"white\"\/><\/svg><\/div>\n\t\t\t\t\t\t\t\t\t<\/div>\n\t\t\t\t\t\t\t\t<\/a><\/div><\/div>\n\t<div class=\"projects-slider-nav\">\n\t\t<div class=\"projects-slider-arr arrow-prev\">\n\t\t\t<svg xmlns=\"http:\/\/www.w3.org\/2000\/svg\" width=\"10\" height=\"18\" viewBox=\"0 0 10 18\" fill=\"none\"><path d=\"M0.658671 8.36383L7.91073 1.1119C8.07846 0.94404 8.30237 0.851562 8.54111 0.851562C8.77986 0.851562 9.00376 0.94404 9.17149 1.1119L9.70556 1.64583C10.0531 1.99375 10.0531 2.55921 9.70556 2.9066L3.61583 8.99633L9.71232 15.0928C9.88005 15.2607 9.97266 15.4845 9.97266 15.7231C9.97266 15.9619 9.88005 16.1857 9.71232 16.3537L9.17825 16.8875C9.01039 17.0554 8.78661 17.1479 8.54787 17.1479C8.30912 17.1479 8.08522 17.0554 7.91748 16.8875L0.658671 9.62897C0.490542 9.46057 0.398198 9.23574 0.398727 8.99673C0.398198 8.75679 0.490542 8.53209 0.658671 8.36383Z\" fill=\"white\"\/><\/svg>\n\t\t<\/div>\n\t\t<div class=\"projects-slider-dots\"><\/div>\n\t\t<div class=\"projects-slider-arr arrow-next\">\n\t\t\t<svg xmlns=\"http:\/\/www.w3.org\/2000\/svg\" width=\"10\" height=\"18\" viewBox=\"0 0 10 18\" fill=\"none\"><path d=\"M9.52736 8.36383L2.27531 1.1119C2.10758 0.94404 1.88367 0.851562 1.64492 0.851562C1.40618 0.851562 1.18227 0.94404 1.01454 1.1119L0.480477 1.64583C0.132958 1.99375 0.132958 2.55921 0.480477 2.9066L6.57021 8.99633L0.47372 15.0928C0.305989 15.2607 0.213379 15.4845 0.213379 15.7231C0.213379 15.9619 0.305989 16.1857 0.47372 16.3537L1.00778 16.8875C1.17565 17.0554 1.39942 17.1479 1.63817 17.1479C1.87691 17.1479 2.10082 17.0554 2.26855 16.8875L9.52736 9.62897C9.69549 9.46057 9.78784 9.23574 9.78731 8.99673C9.78784 8.75679 9.69549 8.53209 9.52736 8.36383Z\" fill=\"white\"\/><\/svg>\n\t\t<\/div>\n\t<\/div>[\/vc_column][\/vc_row]<\/p>\n","protected":false},"excerpt":{"rendered":"<p>[vc_row][vc_column][vc_column_text]Ah\u015fap evler \u00e7ok pop\u00fclerdir. \u00c7evre dostu, \u00e7ekici ve dayan\u0131kl\u0131d\u0131r. Firmam\u0131z sadece tasar\u0131mla u\u011fra\u015fmaz, ayn\u0131 zamanda ah\u015fap bir evin dekorasyonu i\u00e7in de hizmet sunar: i\u00e7 ve d\u0131\u015f.[\/vc_column_text][\/vc_column][\/vc_row][vc_row][vc_column][\/vc_column][\/vc_row][vc_row][vc_column][vc_column_text] D\u0131\u015f cephe kaplamas\u0131 Ah\u015fap evler benzersiz bir estetik dokuya sahiptir ve ek i\u015flemlere tabi tutulmaz. Ancak ev, so\u011fuk mevsimlerde bile s\u0131cak kalabilmesi i\u00e7in iyi yal\u0131t\u0131lm\u0131\u015f ve korunakl\u0131 olmal\u0131d\u0131r. Bu [&hellip;]<\/p>\n","protected":false},"author":1,"featured_media":0,"parent":0,"menu_order":0,"comment_status":"closed","ping_status":"closed","template":"","meta":{"footnotes":""},"yst_prominent_words":[],"class_list":["post-2282","page","type-page","status-publish","hentry"],"_links":{"self":[{"href":"https:\/\/lafethouse.com\/tr\/wp-json\/wp\/v2\/pages\/2282","targetHints":{"allow":["GET"]}}],"collection":[{"href":"https:\/\/lafethouse.com\/tr\/wp-json\/wp\/v2\/pages"}],"about":[{"href":"https:\/\/lafethouse.com\/tr\/wp-json\/wp\/v2\/types\/page"}],"author":[{"embeddable":true,"href":"https:\/\/lafethouse.com\/tr\/wp-json\/wp\/v2\/users\/1"}],"replies":[{"embeddable":true,"href":"https:\/\/lafethouse.com\/tr\/wp-json\/wp\/v2\/comments?post=2282"}],"version-history":[{"count":2,"href":"https:\/\/lafethouse.com\/tr\/wp-json\/wp\/v2\/pages\/2282\/revisions"}],"predecessor-version":[{"id":2284,"href":"https:\/\/lafethouse.com\/tr\/wp-json\/wp\/v2\/pages\/2282\/revisions\/2284"}],"wp:attachment":[{"href":"https:\/\/lafethouse.com\/tr\/wp-json\/wp\/v2\/media?parent=2282"}],"wp:term":[{"taxonomy":"yst_prominent_words","embeddable":true,"href":"https:\/\/lafethouse.com\/tr\/wp-json\/wp\/v2\/yst_prominent_words?post=2282"}],"curies":[{"name":"wp","href":"https:\/\/api.w.org\/{rel}","templated":true}]}}