{"id":2278,"date":"2024-03-12T14:32:21","date_gmt":"2024-03-12T11:32:21","guid":{"rendered":"https:\/\/lafethouse.com\/?page_id=2278"},"modified":"2025-04-24T14:30:23","modified_gmt":"2025-04-24T11:30:23","slug":"manuel-kayit-teknolojisi","status":"publish","type":"page","link":"https:\/\/lafethouse.com\/tr\/manuel-kayit-teknolojisi\/","title":{"rendered":"Manuel kay\u0131t teknolojisi"},"content":{"rendered":"<p>[vc_row][vc_column][vc_column_text css=&#8221;.vc_custom_1745494056982{margin-bottom: 20px !important;}&#8221;]<\/p>\n<h3><span>Fikirlerinizi hayata ge\u00e7irebilece\u011fiz. Ekibimizde sadece profesyoneller \u00e7al\u0131\u015f\u0131r, onlar i\u00e7in hayallerinizdeki do\u011frama evini in\u015fa etmek hi\u00e7 zor olmayacakt\u0131r.<\/span><\/h3>\n<p>[\/vc_column_text][\/vc_column][vc_column width=&#8221;1\/2&#8243; css=&#8221;.vc_custom_1710165506662{padding-top: 0px !important;}&#8221;][vc_column_text]<\/p>\n<ul>\n<li><span><span><strong>Tipik bir proje.<\/strong> Sahada \u00e7al\u0131\u015ft\u0131\u011f\u0131m\u0131z s\u00fcre boyunca geni\u015f bir portf\u00f6y edindik ve m\u00fc\u015fterilerimize geni\u015f bir yelpazede haz\u0131r projeler sunabiliyoruz. M\u00fc\u015fteri halihaz\u0131rda ger\u00e7ekle\u015ftirilmi\u015f binay\u0131 inceleyip se\u00e7ebilir. Her b\u00fct\u00e7eye ve zevke uygun in\u015faat \u00e7izimleri mevcuttur. Dan\u0131\u015fmanl\u0131k se\u00e7iminde yard\u0131mc\u0131 oluyoruz.<\/span><\/span><\/li>\n<\/ul>\n<p>[\/vc_column_text][\/vc_column][vc_column width=&#8221;1\/2&#8243; css=&#8221;.vc_custom_1710165512485{padding-top: 0px !important;}&#8221;][vc_column_text]<\/p>\n<ul>\n<li><span><span><strong>Bireysel proje.<\/strong> M\u00fc\u015fterinin isteklerine odaklanarak anahtar teslimi in\u015fa ediyoruz. Projenin \u00e7iziminden imalat\u0131na kadar t\u00fcm \u00e7al\u0131\u015fmalar\u0131 \u00fcstleniyoruz. M\u00fc\u015fterinin zaman\u0131n\u0131 ve paras\u0131n\u0131 bo\u015fa harcam\u0131yoruz, bunun yerine her \u00f6nemli aksiyonu koordine ediyoruz, en uygun malzemeleri \u00f6neriyoruz.<\/span><\/span><\/li>\n<\/ul>\n<p>[\/vc_column_text][\/vc_column][\/vc_row][vc_row][vc_column css=&#8221;.vc_custom_1710165842588{padding-top: 0px !important;}&#8221; offset=&#8221;vc_hidden-sm vc_hidden-xs&#8221;][vc_empty_space height=&#8221;15px&#8221;][\/vc_column][vc_column css=&#8221;.vc_custom_1710246906787{padding-top: 0px !important;}&#8221;][vc_column_text]<\/p>\n<h2><strong><span><span style=\"color: #00b73c;\">A\u015fa\u011f\u0131daki stillerde<\/span>\u00a0el yap\u0131m\u0131 ah\u015fap evler \u00fcretiyoruz<\/span><\/strong><\/h2>\n<p>[\/vc_column_text]<div class=\"beauty-header\"><p>Kanada kesimi<\/p><div>01<\/div><\/div>[vc_column_text]Kanada kesimi Norve\u00e7 kesimine benzer, ancak yaln\u0131zca yuvarlak bir k\u00fct\u00fck a\u00e7\u0131s\u0131ndan. &#8220;Kanada kupas\u0131&#8221;n\u0131n s\u0131radan yuvarlak kupadan daha g\u00fc\u00e7l\u00fc ve &#8220;daha s\u0131cak&#8221; bir ba\u011flant\u0131 oldu\u011funa inan\u0131l\u0131yor, \u00e7\u00fcnk\u00fc Kanada kesimi s\u0131ras\u0131nda k\u00fct\u00fck evin duvarlar\u0131 sa\u011flam bir dizi gibi g\u00f6r\u00fcn\u00fcyor, k\u00fct\u00fckler aras\u0131nda bo\u015fluk yok.[\/vc_column_text][\/vc_column][\/vc_row][vc_row][vc_column width=&#8221;1\/3&#8243; css=&#8221;.vc_custom_1710249649012{padding-top: 0px !important;}&#8221; offset=&#8221;vc_col-xs-4&#8243;][vc_single_image image=&#8221;553&#8243; img_size=&#8221;full&#8221; alignment=&#8221;center&#8221; onclick=&#8221;img_link_large&#8221;][\/vc_column][vc_column width=&#8221;1\/3&#8243; css=&#8221;.vc_custom_1710249657434{padding-top: 0px !important;}&#8221; offset=&#8221;vc_col-xs-4&#8243;][vc_single_image image=&#8221;546&#8243; img_size=&#8221;full&#8221; alignment=&#8221;center&#8221; onclick=&#8221;img_link_large&#8221;][\/vc_column][vc_column width=&#8221;1\/3&#8243; css=&#8221;.vc_custom_1710249668187{padding-top: 0px !important;}&#8221; offset=&#8221;vc_col-xs-4&#8243;][vc_single_image image=&#8221;548&#8243; img_size=&#8221;full&#8221; alignment=&#8221;center&#8221; onclick=&#8221;img_link_large&#8221;][\/vc_column][\/vc_row][vc_row][vc_column css=&#8221;.vc_custom_1710248194230{padding-top: 0px !important;}&#8221;][vc_empty_space height=&#8221;30px&#8221;][\/vc_column][vc_column css=&#8221;.vc_custom_1710248186589{padding-top: 0px !important;}&#8221;]<div class=\"beauty-header\"><p>Stavlaft<\/p><div>02<\/div><\/div>[vc_column_text]Stavlaft, g\u00fc\u00e7 \u00e7er\u00e7evesinin b\u00fcy\u00fck kesitli veya \u00e7apl\u0131 k\u00fct\u00fcklerden veya kiri\u015flerden yap\u0131ld\u0131\u011f\u0131 bir Norve\u00e7 \u00e7er\u00e7eve teknolojisi g\u00f6r\u00fc\u015f\u00fcd\u00fcr. Oymal\u0131 s\u00fctunlar, zarif bir \u015fekilde dekore edilmi\u015f u\u00e7lara sahip yataklar ve kesik al\u0131nl\u0131klarla tamamlanan stavlaft malikane hem zarif hem de sa\u011flam g\u00f6r\u00fcn\u00fcyor. Yal\u0131t\u0131mda en \u00e7evre dostu malzeme olan shelter ecostroy kullan\u0131l\u0131yor. Bu teknolojinin g\u00fcc\u00fc ve g\u00fczelli\u011fi t\u00fcm \u00e7er\u00e7eve yap\u0131lar\u0131n\u0131 g\u00f6lgede b\u0131rak\u0131yor. Stavlaft Evi, herkes gibi olmak istemeyenler i\u00e7in![\/vc_column_text][\/vc_column][vc_column width=&#8221;1\/3&#8243; css=&#8221;.vc_custom_1710249679944{padding-top: 0px !important;}&#8221; offset=&#8221;vc_col-xs-4&#8243;][vc_single_image image=&#8221;555&#8243; img_size=&#8221;full&#8221; alignment=&#8221;center&#8221; onclick=&#8221;img_link_large&#8221; css=&#8221;.vc_custom_1719841232700{padding-top: 0px !important;}&#8221;][\/vc_column][vc_column width=&#8221;1\/3&#8243; css=&#8221;.vc_custom_1710249687255{padding-top: 0px !important;}&#8221; offset=&#8221;vc_col-xs-4&#8243;][vc_single_image image=&#8221;557&#8243; img_size=&#8221;full&#8221; alignment=&#8221;center&#8221; onclick=&#8221;img_link_large&#8221;][\/vc_column][vc_column width=&#8221;1\/3&#8243; css=&#8221;.vc_custom_1710249698062{padding-top: 0px !important;}&#8221; offset=&#8221;vc_col-xs-4&#8243;][vc_single_image image=&#8221;559&#8243; img_size=&#8221;full&#8221; alignment=&#8221;center&#8221; onclick=&#8221;img_link_large&#8221;][\/vc_column][\/vc_row][vc_row][vc_column css=&#8221;.vc_custom_1710248194230{padding-top: 0px !important;}&#8221;][vc_empty_space height=&#8221;30px&#8221;][\/vc_column][vc_column css=&#8221;.vc_custom_1710248186589{padding-top: 0px !important;}&#8221;]<div class=\"beauty-header\"><p>Direk ve Kiri\u015f<\/p><div>03<\/div><\/div>[vc_column_text]\u00c7er\u00e7evesi yuvarlak direklerden ve kiri\u015flerden olu\u015fan, aralar\u0131ndaki bo\u015fluk herhangi bir malzeme ile doldurulan ah\u015fap evler: cam, kalas, ta\u015f, cam (\u00e7er\u00e7evesiz camlama m\u00fcmk\u00fcnd\u00fcr). Post&amp;Beam teknolojisi kullan\u0131larak in\u015fa edilen modern evler, \u00e7ap\u0131 40-50 cm ve \u00fczeri olan k\u00fct\u00fcklerden olu\u015fan g\u00fc\u00e7l\u00fc bir iskelet \u00fczerine kurulu olup, s\u00fctunlar ve kiri\u015fler aras\u0131ndaki bo\u015fluk ta\u015f, ah\u015fap, cam, metal veya tu\u011fla ile doldurulmaktad\u0131r.[\/vc_column_text][\/vc_column][vc_column width=&#8221;1\/3&#8243; css=&#8221;.vc_custom_1710249713346{padding-top: 0px !important;}&#8221; offset=&#8221;vc_col-xs-4&#8243;][vc_single_image image=&#8221;564&#8243; img_size=&#8221;full&#8221; alignment=&#8221;center&#8221; onclick=&#8221;img_link_large&#8221;][\/vc_column][vc_column width=&#8221;1\/3&#8243; css=&#8221;.vc_custom_1710249721170{padding-top: 0px !important;}&#8221; offset=&#8221;vc_col-xs-4&#8243;][vc_single_image image=&#8221;562&#8243; img_size=&#8221;full&#8221; alignment=&#8221;center&#8221; onclick=&#8221;img_link_large&#8221; css=&#8221;.vc_custom_1719841260945{padding-top: 0px !important;}&#8221;][\/vc_column][vc_column width=&#8221;1\/3&#8243; css=&#8221;.vc_custom_1710249733466{padding-top: 0px !important;}&#8221; offset=&#8221;vc_col-xs-4&#8243;][vc_single_image image=&#8221;566&#8243; img_size=&#8221;full&#8221; alignment=&#8221;center&#8221; onclick=&#8221;img_link_large&#8221;][\/vc_column][\/vc_row]<\/p>\n","protected":false},"excerpt":{"rendered":"<p>[vc_row][vc_column][vc_column_text css=&#8221;.vc_custom_1745494056982{margin-bottom: 20px !important;}&#8221;] Fikirlerinizi hayata ge\u00e7irebilece\u011fiz. Ekibimizde sadece profesyoneller \u00e7al\u0131\u015f\u0131r, onlar i\u00e7in hayallerinizdeki do\u011frama evini in\u015fa etmek hi\u00e7 zor olmayacakt\u0131r. [\/vc_column_text][\/vc_column][vc_column width=&#8221;1\/2&#8243; css=&#8221;.vc_custom_1710165506662{padding-top: 0px !important;}&#8221;][vc_column_text] Tipik bir proje. Sahada \u00e7al\u0131\u015ft\u0131\u011f\u0131m\u0131z s\u00fcre boyunca geni\u015f bir portf\u00f6y edindik ve m\u00fc\u015fterilerimize geni\u015f bir yelpazede haz\u0131r projeler sunabiliyoruz. M\u00fc\u015fteri halihaz\u0131rda ger\u00e7ekle\u015ftirilmi\u015f binay\u0131 inceleyip se\u00e7ebilir. Her b\u00fct\u00e7eye ve zevke [&hellip;]<\/p>\n","protected":false},"author":1,"featured_media":0,"parent":0,"menu_order":0,"comment_status":"closed","ping_status":"closed","template":"page-technologies.php","meta":{"footnotes":""},"yst_prominent_words":[],"class_list":["post-2278","page","type-page","status-publish","hentry"],"_links":{"self":[{"href":"https:\/\/lafethouse.com\/tr\/wp-json\/wp\/v2\/pages\/2278","targetHints":{"allow":["GET"]}}],"collection":[{"href":"https:\/\/lafethouse.com\/tr\/wp-json\/wp\/v2\/pages"}],"about":[{"href":"https:\/\/lafethouse.com\/tr\/wp-json\/wp\/v2\/types\/page"}],"author":[{"embeddable":true,"href":"https:\/\/lafethouse.com\/tr\/wp-json\/wp\/v2\/users\/1"}],"replies":[{"embeddable":true,"href":"https:\/\/lafethouse.com\/tr\/wp-json\/wp\/v2\/comments?post=2278"}],"version-history":[{"count":3,"href":"https:\/\/lafethouse.com\/tr\/wp-json\/wp\/v2\/pages\/2278\/revisions"}],"predecessor-version":[{"id":2281,"href":"https:\/\/lafethouse.com\/tr\/wp-json\/wp\/v2\/pages\/2278\/revisions\/2281"}],"wp:attachment":[{"href":"https:\/\/lafethouse.com\/tr\/wp-json\/wp\/v2\/media?parent=2278"}],"wp:term":[{"taxonomy":"yst_prominent_words","embeddable":true,"href":"https:\/\/lafethouse.com\/tr\/wp-json\/wp\/v2\/yst_prominent_words?post=2278"}],"curies":[{"name":"wp","href":"https:\/\/api.w.org\/{rel}","templated":true}]}}