{"id":2275,"date":"2024-03-12T16:34:16","date_gmt":"2024-03-12T13:34:16","guid":{"rendered":"https:\/\/lafethouse.com\/?page_id=2275"},"modified":"2025-04-24T14:23:56","modified_gmt":"2025-04-24T11:23:56","slug":"profilli-kereste-teknolojisi","status":"publish","type":"page","link":"https:\/\/lafethouse.com\/tr\/profilli-kereste-teknolojisi\/","title":{"rendered":"Profilli kereste teknolojisi"},"content":{"rendered":"<p>[vc_row][vc_column][vc_column_text css=&#8221;.vc_custom_1745493774442{margin-bottom: 20px !important;}&#8221;]<span>Profilli keresteden yap\u0131lm\u0131\u015f t\u00fcm evler, \u00e7al\u0131\u015fma s\u0131ras\u0131nda kendilerini m\u00fckemmel bir \u015fekilde g\u00f6sterir ve estetik olarak ho\u015f g\u00f6r\u00fcn\u00fcr. Ancak bu t\u00fcr projelerin ana \u00f6zelli\u011fi \u00e7evre dostu olmas\u0131d\u0131r. \u0130n\u015faat s\u00fcrecinde sa\u011fl\u0131\u011fa ve ekolojiye zararl\u0131 zararl\u0131 kirlilikler, tutkal ve di\u011fer maddeler kullan\u0131lmaz. \u0130n\u015faat i\u00e7in ana malzemeler:<\/span><\/p>\n<ul>\n<li><span>Sert a\u011fa\u00e7lar: me\u015fe, kay\u0131n, hu\u015f<\/span><\/li>\n<li><span>\u0130\u011fne yaprakl\u0131 t\u00fcrler: sedir, ladin, kara\u00e7am<\/span><\/li>\n<\/ul>\n<p><span>Kiri\u015fin kendi aralar\u0131nda sabitlenmesi, &#8220;labirent kilidi&#8221; ad\u0131 verilen ba\u011flant\u0131 elemanlar\u0131 arac\u0131l\u0131\u011f\u0131yla ger\u00e7ekle\u015fir. Frezelemeden sonra kiri\u015fin kilidi, yonga ve \u00e7atlaklar olmadan p\u00fcr\u00fczs\u00fcz hale gelir. Ayn\u0131 evler d\u0131\u015f dekorasyona ihtiya\u00e7 duymaz ve \u00e7ok fazla b\u00fcz\u00fclmez. Profilli keresteden yap\u0131lm\u0131\u015f evlerin in\u015fas\u0131, \u015firketin faaliyetlerinin \u00f6ncelikli alanlar\u0131ndan biridir. M\u00fc\u015fterilerimize s\u0131n\u0131rs\u0131z uygulama olanaklar\u0131, y\u00fcksek kaliteli malzemelerin kullan\u0131m\u0131 ve net bir i\u015fbirli\u011fi \u015femas\u0131 garanti ediyoruz.<\/span>[\/vc_column_text][\/vc_column][\/vc_row][vc_row][vc_column width=&#8221;2\/3&#8243; css=&#8221;.vc_custom_1710250045839{padding-top: 0px !important;}&#8221;][vc_row_inner][vc_column_inner css=&#8221;.vc_custom_1710250690719{padding-top: 0px !important;}&#8221; offset=&#8221;vc_hidden-xs&#8221;][vc_empty_space height=&#8221;30px&#8221;][\/vc_column_inner][vc_column_inner css=&#8221;.vc_custom_1710250034037{padding-top: 0px !important;}&#8221;][vc_column_text]<\/p>\n<h2><strong><span>Profilli ah\u015fap ev projelerinin\u00a0<span style=\"color: #00b73c;\">avantajlar\u0131<\/span><\/span><\/strong><\/h2>\n<ul>\n<li><span>Her bir eleman birbirine tam oturdu\u011fu i\u00e7in k\u00fct\u00fck ev \u00e7atlamaz, ses yal\u0131t\u0131m\u0131 sa\u011flar, i\u00e7eri s\u0131zmaz ve odadaki \u0131s\u0131y\u0131 korur.<\/span><\/li>\n<li><span>Duvarlarda \u00e7atlak ve bo\u015fluk olmamas\u0131 suyun birikmemesini sa\u011flar. Kereste kuru kal\u0131r ve \u00e7\u00fcr\u00fcmez. Ev iyi, sa\u011fl\u0131kl\u0131 bir mikro iklimi korur.<\/span><\/li>\n<li><span>Kereste dikkatli bir i\u015fleme tabi tutulur, bu nedenle evin duvarlar\u0131 \u00e7atlamaya, mekanik hasara, olumsuz iklim fakt\u00f6rlerine kar\u015f\u0131 m\u00fckemmel bir dirence sahiptir. Evin orijinal g\u00f6r\u00fcn\u00fcm\u00fc t\u00fcm \u00e7al\u0131\u015fma s\u00fcresi boyunca korunur.<\/span><\/li>\n<li><span>Profilli keresteden yap\u0131lm\u0131\u015f evlerin d\u00fc\u015f\u00fck fiyat\u0131. Maliyetin olu\u015fumu \u015funlardan etkilenir: gerekli kerestenin kal\u0131nl\u0131\u011f\u0131, evdeki kat say\u0131s\u0131, i\u00e7 b\u00f6lmeler, dekorasyon t\u00fcr\u00fc vb.<\/span><\/li>\n<\/ul>\n<p>[\/vc_column_text][\/vc_column_inner][\/vc_row_inner][\/vc_column][vc_column width=&#8221;1\/3&#8243; css=&#8221;.vc_custom_1710250055474{padding-top: 0px !important;}&#8221;][vc_single_image image=&#8221;571&#8243; img_size=&#8221;full&#8221; alignment=&#8221;center&#8221;][\/vc_column][\/vc_row][vc_row][vc_column][vc_column_text]<\/p>\n<h2><strong><span>Profilli keresteden anahtar teslim evler:\u00a0<\/span><span style=\"color: #00b73e;\">\u00e7al\u0131\u015fma a\u015famalar\u0131<\/span><\/strong><\/h2>\n<p><span>Bu t\u00fcr evlerin in\u015fas\u0131n\u0131n pratikli\u011fi, elemanlar\u0131n sahaya haz\u0131r olarak teslim edilmesinde yatmaktad\u0131r. Daha sonra, kitleri tek bir tasar\u0131ma monte etmeniz gerekir.<\/span><\/p>\n<ul>\n<li><span>Tasar\u0131m: bireysel veya standart plan<\/span><\/li>\n<li><span>Temel olu\u015fturma: T\u00fcr, binan\u0131n ve topra\u011f\u0131n t\u00fcr\u00fcne ba\u011fl\u0131 olarak se\u00e7ilir<\/span><\/li>\n<li><span>Duvar in\u015faat\u0131: Tasar\u0131mc\u0131n\u0131n \u00f6rne\u011fiyle sabitleme<\/span><\/li>\n<li><span>\u0130leti\u015fimlerin y\u00fcr\u00fct\u00fclmesi, bitirme i\u015fleri<\/span><\/li>\n<li><span>Pencere ve kap\u0131 montaj\u0131<\/span><\/li>\n<\/ul>\n<p>[\/vc_column_text][\/vc_column][vc_column width=&#8221;1\/3&#8243; css=&#8221;.vc_custom_1710250517087{padding-top: 0px !important;}&#8221; offset=&#8221;vc_col-md-3 vc_col-xs-6&#8243;][vc_single_image image=&#8221;575&#8243; img_size=&#8221;full&#8221; alignment=&#8221;center&#8221;][\/vc_column][vc_column width=&#8221;1\/3&#8243; css=&#8221;.vc_custom_1710250536503{padding-top: 0px !important;}&#8221; offset=&#8221;vc_col-md-3 vc_col-xs-6&#8243;][vc_single_image image=&#8221;579&#8243; img_size=&#8221;full&#8221; alignment=&#8221;center&#8221;][\/vc_column][vc_column width=&#8221;1\/3&#8243; css=&#8221;.vc_custom_1710250567592{padding-top: 0px !important;}&#8221; offset=&#8221;vc_col-md-3 vc_col-xs-6&#8243;][vc_single_image image=&#8221;577&#8243; img_size=&#8221;full&#8221; alignment=&#8221;center&#8221;][\/vc_column][\/vc_row]<\/p>\n","protected":false},"excerpt":{"rendered":"<p>[vc_row][vc_column][vc_column_text css=&#8221;.vc_custom_1745493774442{margin-bottom: 20px !important;}&#8221;]Profilli keresteden yap\u0131lm\u0131\u015f t\u00fcm evler, \u00e7al\u0131\u015fma s\u0131ras\u0131nda kendilerini m\u00fckemmel bir \u015fekilde g\u00f6sterir ve estetik olarak ho\u015f g\u00f6r\u00fcn\u00fcr. Ancak bu t\u00fcr projelerin ana \u00f6zelli\u011fi \u00e7evre dostu olmas\u0131d\u0131r. \u0130n\u015faat s\u00fcrecinde sa\u011fl\u0131\u011fa ve ekolojiye zararl\u0131 zararl\u0131 kirlilikler, tutkal ve di\u011fer maddeler kullan\u0131lmaz. \u0130n\u015faat i\u00e7in ana malzemeler: Sert a\u011fa\u00e7lar: me\u015fe, kay\u0131n, hu\u015f \u0130\u011fne yaprakl\u0131 t\u00fcrler: sedir, [&hellip;]<\/p>\n","protected":false},"author":1,"featured_media":0,"parent":0,"menu_order":0,"comment_status":"closed","ping_status":"closed","template":"page-technologies.php","meta":{"footnotes":""},"yst_prominent_words":[],"class_list":["post-2275","page","type-page","status-publish","hentry"],"_links":{"self":[{"href":"https:\/\/lafethouse.com\/tr\/wp-json\/wp\/v2\/pages\/2275","targetHints":{"allow":["GET"]}}],"collection":[{"href":"https:\/\/lafethouse.com\/tr\/wp-json\/wp\/v2\/pages"}],"about":[{"href":"https:\/\/lafethouse.com\/tr\/wp-json\/wp\/v2\/types\/page"}],"author":[{"embeddable":true,"href":"https:\/\/lafethouse.com\/tr\/wp-json\/wp\/v2\/users\/1"}],"replies":[{"embeddable":true,"href":"https:\/\/lafethouse.com\/tr\/wp-json\/wp\/v2\/comments?post=2275"}],"version-history":[{"count":2,"href":"https:\/\/lafethouse.com\/tr\/wp-json\/wp\/v2\/pages\/2275\/revisions"}],"predecessor-version":[{"id":2277,"href":"https:\/\/lafethouse.com\/tr\/wp-json\/wp\/v2\/pages\/2275\/revisions\/2277"}],"wp:attachment":[{"href":"https:\/\/lafethouse.com\/tr\/wp-json\/wp\/v2\/media?parent=2275"}],"wp:term":[{"taxonomy":"yst_prominent_words","embeddable":true,"href":"https:\/\/lafethouse.com\/tr\/wp-json\/wp\/v2\/yst_prominent_words?post=2275"}],"curies":[{"name":"wp","href":"https:\/\/api.w.org\/{rel}","templated":true}]}}