{"id":2272,"date":"2024-03-11T12:34:50","date_gmt":"2024-03-11T09:34:50","guid":{"rendered":"https:\/\/lafethouse.com\/?page_id=2272"},"modified":"2025-04-24T14:16:57","modified_gmt":"2025-04-24T11:16:57","slug":"stavlaft-teknolojisi","status":"publish","type":"page","link":"https:\/\/lafethouse.com\/tr\/stavlaft-teknolojisi\/","title":{"rendered":"Stavlaft teknolojisi"},"content":{"rendered":"<p>[vc_row][vc_column css=&#8221;.vc_custom_1710151261470{padding-top: 0px !important;}&#8221;][vc_column_text css=&#8221;.vc_custom_1745493041159{margin-bottom: 20px !important;}&#8221;]Fikirlerinizi hayata ge\u00e7irebilece\u011fiz. Ekibimizde sadece profesyoneller \u00e7al\u0131\u015f\u0131r, onlar i\u00e7in hayallerinizdeki kesilmi\u015f evi in\u015fa etmek zor olmayacakt\u0131r.[\/vc_column_text][\/vc_column][vc_column width=&#8221;1\/2&#8243; css=&#8221;.vc_custom_1710151266091{padding-top: 0px !important;}&#8221;][vc_column_text]<\/p>\n<ul>\n<li><strong>Tipik bir proje.<\/strong> Sahada \u00e7al\u0131\u015ft\u0131\u011f\u0131m\u0131z s\u00fcre boyunca geni\u015f bir portf\u00f6y edindik ve m\u00fc\u015fterilerimize haz\u0131r projelerden olu\u015fan geni\u015f bir yelpaze sunabiliyoruz. M\u00fc\u015fteri halihaz\u0131rda ger\u00e7ekle\u015ftirilmi\u015f binaya bakabilir ve onu se\u00e7ebilir. Her b\u00fct\u00e7e ve zevke uygun in\u015faat \u00e7izimleri mevcuttur. Dan\u0131\u015fmanl\u0131k se\u00e7iminde yard\u0131mc\u0131 oluyoruz.<\/li>\n<\/ul>\n<p>[\/vc_column_text][\/vc_column][vc_column width=&#8221;1\/2&#8243; css=&#8221;.vc_custom_1710151270097{padding-top: 0px !important;}&#8221;][vc_column_text]<\/p>\n<ul>\n<li><strong><span><span>Bireysel proje.<\/span><\/span><\/strong><span><span>\u00a0M\u00fc\u015fterinin isteklerine odaklanarak anahtar teslimi in\u015fa ediyoruz. \u00c7izimin \u00fcretiminin ba\u015flang\u0131c\u0131ndan projenin teslimine kadar t\u00fcm i\u015fi \u00fcstleniyoruz. M\u00fc\u015fterinin zaman\u0131n\u0131 ve paras\u0131n\u0131 bo\u015fa harcam\u0131yoruz, ancak her \u00f6nemli eylemi koordine ediyoruz, en uygun malzemeleri \u00f6neriyoruz.<\/span><\/span><\/li>\n<\/ul>\n<p>[\/vc_column_text][\/vc_column][\/vc_row][vc_row][vc_column css=&#8221;.vc_custom_1710151288335{padding-top: 0px !important;}&#8221; offset=&#8221;vc_hidden-sm vc_hidden-xs&#8221;][vc_empty_space height=&#8221;15px&#8221;][\/vc_column][vc_column css=&#8221;.vc_custom_1710152865409{padding-top: 0px !important;}&#8221;][vc_column_text css=&#8221;.vc_custom_1745493250145{margin-bottom: 20px !important;}&#8221;]<\/p>\n<h2><strong><span><span style=\"color: #00b73e;\">Stavlaft<\/span>\u00a0hakk\u0131nda bilmeniz gerekenler<\/span><\/strong><\/h2>\n<p><span>Stavlaft, g\u00fc\u00e7 \u00e7er\u00e7evesinin b\u00fcy\u00fck kesitli veya \u00e7apl\u0131 k\u00fct\u00fcklerden veya kiri\u015flerden yap\u0131ld\u0131\u011f\u0131 bir Norve\u00e7 \u00e7er\u00e7eve teknolojisi g\u00f6r\u00fc\u015f\u00fcd\u00fcr. Oymal\u0131 s\u00fctunlar, zarif bir \u015fekilde dekore edilmi\u015f u\u00e7lara sahip yataklar ve kesilmi\u015f al\u0131nl\u0131klarla tamamlanan stavlaft kona\u011f\u0131 hem zarif hem de sa\u011flam g\u00f6r\u00fcn\u00fcyor. Yal\u0131t\u0131m i\u00e7in en \u00e7evre dostu malzeme kullan\u0131l\u0131yor &#8211; shelter ecostroy. Bu teknolojinin g\u00fcc\u00fc ve g\u00fczelli\u011fi t\u00fcm \u00e7er\u00e7eve yap\u0131lar\u0131n\u0131 g\u00f6lgede b\u0131rak\u0131yor. Stavlaft Evi, herkes gibi olmak istemeyenler i\u00e7in!<\/span>[\/vc_column_text][\/vc_column][\/vc_row][vc_row equal_height=&#8221;yes&#8221;][vc_column width=&#8221;1\/3&#8243; offset=&#8221;vc_col-xs-6&#8243;][vc_single_image image=&#8221;521&#8243; img_size=&#8221;full&#8221; alignment=&#8221;center&#8221; onclick=&#8221;img_link_large&#8221; css=&#8221;.vc_custom_1710165261419{margin-bottom: 20px !important;}&#8221;][\/vc_column][vc_column width=&#8221;1\/3&#8243; offset=&#8221;vc_col-xs-6&#8243;][vc_single_image image=&#8221;529&#8243; img_size=&#8221;full&#8221; alignment=&#8221;center&#8221; onclick=&#8221;img_link_large&#8221;][\/vc_column][vc_column width=&#8221;1\/3&#8243; offset=&#8221;vc_col-xs-6&#8243;][vc_single_image image=&#8221;523&#8243; img_size=&#8221;full&#8221; alignment=&#8221;center&#8221; onclick=&#8221;img_link_large&#8221; css=&#8221;.vc_custom_1710165298955{margin-bottom: 20px !important;}&#8221;][\/vc_column][vc_column width=&#8221;1\/3&#8243; offset=&#8221;vc_col-xs-6&#8243;][vc_single_image image=&#8221;531&#8243; img_size=&#8221;full&#8221; alignment=&#8221;center&#8221; onclick=&#8221;img_link_large&#8221; css=&#8221;.vc_custom_1710165271406{margin-bottom: 20px !important;}&#8221;][\/vc_column][vc_column width=&#8221;1\/3&#8243; css=&#8221;.vc_custom_1710165203401{padding-top: 0px !important;}&#8221; offset=&#8221;vc_col-xs-6&#8243;][vc_single_image image=&#8221;525&#8243; img_size=&#8221;full&#8221; alignment=&#8221;center&#8221; onclick=&#8221;img_link_large&#8221;][\/vc_column][vc_column width=&#8221;1\/3&#8243; css=&#8221;.vc_custom_1710165209890{padding-top: 0px !important;}&#8221; offset=&#8221;vc_col-xs-6&#8243;][vc_single_image image=&#8221;527&#8243; img_size=&#8221;full&#8221; alignment=&#8221;center&#8221; onclick=&#8221;img_link_large&#8221; css=&#8221;.vc_custom_1710165306285{margin-bottom: 20px !important;}&#8221;][\/vc_column][\/vc_row]<\/p>\n","protected":false},"excerpt":{"rendered":"<p>[vc_row][vc_column css=&#8221;.vc_custom_1710151261470{padding-top: 0px !important;}&#8221;][vc_column_text css=&#8221;.vc_custom_1745493041159{margin-bottom: 20px !important;}&#8221;]Fikirlerinizi hayata ge\u00e7irebilece\u011fiz. Ekibimizde sadece profesyoneller \u00e7al\u0131\u015f\u0131r, onlar i\u00e7in hayallerinizdeki kesilmi\u015f evi in\u015fa etmek zor olmayacakt\u0131r.[\/vc_column_text][\/vc_column][vc_column width=&#8221;1\/2&#8243; css=&#8221;.vc_custom_1710151266091{padding-top: 0px !important;}&#8221;][vc_column_text] Tipik bir proje. Sahada \u00e7al\u0131\u015ft\u0131\u011f\u0131m\u0131z s\u00fcre boyunca geni\u015f bir portf\u00f6y edindik ve m\u00fc\u015fterilerimize haz\u0131r projelerden olu\u015fan geni\u015f bir yelpaze sunabiliyoruz. M\u00fc\u015fteri halihaz\u0131rda ger\u00e7ekle\u015ftirilmi\u015f binaya bakabilir ve onu se\u00e7ebilir. Her [&hellip;]<\/p>\n","protected":false},"author":1,"featured_media":0,"parent":0,"menu_order":0,"comment_status":"closed","ping_status":"closed","template":"page-technologies.php","meta":{"footnotes":""},"yst_prominent_words":[],"class_list":["post-2272","page","type-page","status-publish","hentry"],"_links":{"self":[{"href":"https:\/\/lafethouse.com\/tr\/wp-json\/wp\/v2\/pages\/2272","targetHints":{"allow":["GET"]}}],"collection":[{"href":"https:\/\/lafethouse.com\/tr\/wp-json\/wp\/v2\/pages"}],"about":[{"href":"https:\/\/lafethouse.com\/tr\/wp-json\/wp\/v2\/types\/page"}],"author":[{"embeddable":true,"href":"https:\/\/lafethouse.com\/tr\/wp-json\/wp\/v2\/users\/1"}],"replies":[{"embeddable":true,"href":"https:\/\/lafethouse.com\/tr\/wp-json\/wp\/v2\/comments?post=2272"}],"version-history":[{"count":2,"href":"https:\/\/lafethouse.com\/tr\/wp-json\/wp\/v2\/pages\/2272\/revisions"}],"predecessor-version":[{"id":2274,"href":"https:\/\/lafethouse.com\/tr\/wp-json\/wp\/v2\/pages\/2272\/revisions\/2274"}],"wp:attachment":[{"href":"https:\/\/lafethouse.com\/tr\/wp-json\/wp\/v2\/media?parent=2272"}],"wp:term":[{"taxonomy":"yst_prominent_words","embeddable":true,"href":"https:\/\/lafethouse.com\/tr\/wp-json\/wp\/v2\/yst_prominent_words?post=2272"}],"curies":[{"name":"wp","href":"https:\/\/api.w.org\/{rel}","templated":true}]}}