{"id":2267,"date":"2024-06-19T13:18:15","date_gmt":"2024-06-19T10:18:15","guid":{"rendered":"https:\/\/lafethouse.com\/?page_id=2267"},"modified":"2025-04-24T12:09:14","modified_gmt":"2025-04-24T09:09:14","slug":"kullanim-sartlari","status":"publish","type":"page","link":"https:\/\/lafethouse.com\/tr\/kullanim-sartlari\/","title":{"rendered":"Kullan\u0131m \u015eartlar\u0131"},"content":{"rendered":"<p>[vc_row][vc_column][vc_column_text]Lafet House, m\u00fc\u015fterilerimizin haklar\u0131na sayg\u0131 duyar. Ki\u015fisel bilgilerin gizlili\u011finin \u00f6nemini ko\u015fulsuz olarak kabul eder ve ki\u015fisel verilerin \u00fc\u00e7\u00fcnc\u00fc ki\u015filer taraf\u0131ndan yetkisiz eri\u015fime kar\u015f\u0131 korunmas\u0131na ili\u015fkin kurallara (ki\u015fisel verilerin korunmas\u0131) uyar\u0131z.<\/p>\n<p>Formu ileti\u015fim bilgileriyle doldurman\u0131z, bu Gizlilik Politikas\u0131&#8217;n\u0131 ve burada belirtilen ki\u015fisel bilgilerin i\u015flenmesine ili\u015fkin \u015fartlar\u0131 kabul etti\u011finiz anlam\u0131na gelir.<\/p>\n<p>A\u015fa\u011f\u0131da ki\u015fisel verilerin i\u015flenmesi hakk\u0131nda bilgi verilmektedir.<\/p>\n<p>&nbsp;<\/p>\n<p>1. Ki\u015fisel veriler. Ki\u015fisel verilerin toplanmas\u0131 ve i\u015flenmesinin amac\u0131.<\/p>\n<p>1.1. Bu sayfay\u0131 her zaman herhangi bir ki\u015fisel bilgi if\u015fa etmeden ziyaret edebilirsiniz.<\/p>\n<p>1.2. Ki\u015fisel veriler, bu t\u00fcr bilgilere dayanarak belirlenen veya belirlenebilir bir bireyle ilgili herhangi bir bilgidir.<\/p>\n<p>1.3. \u015eirketimiz, talebinizi yerine getirmek i\u00e7in gerekli ki\u015fisel verileri toplar ve kullan\u0131r, bunlar ad, telefon numaras\u0131 ve e-posta adresidir.<\/p>\n<p>1.4. \u015eirketimiz, bireyler taraf\u0131ndan sa\u011flanan ki\u015fisel verilerin do\u011frulu\u011funu kontrol etmez ve hukuki ehliyetlerini kontrol etmez.<\/p>\n<p>&nbsp;<\/p>\n<p>2. Al\u0131c\u0131n\u0131n ki\u015fisel bilgilerinin i\u015flenmesi ve \u00fc\u00e7\u00fcnc\u00fc taraflara aktar\u0131lmas\u0131 \u015fartlar\u0131.<\/p>\n<p>2.1. M\u00fc\u015fterilerimizin ki\u015fisel verilerini i\u015flerken, Belarus Cumhuriyeti &#8220;Bilgi, Bilgilendirme ve Bilgi Korumas\u0131&#8221; Yasas\u0131&#8217;na g\u00f6re hareket ediyoruz.<\/p>\n<p>2.2. Al\u0131c\u0131n\u0131n ki\u015fisel bilgileri gizli tutulur.<\/p>\n<p>2.3. \u015eirketimiz, ki\u015fisel verileri \u00fc\u00e7\u00fcnc\u00fc taraflara aktarmaz.<\/p>\n<p>&nbsp;<\/p>\n<p>3. Kullan\u0131c\u0131lar\u0131n ki\u015fisel bilgilerini korumak i\u00e7in al\u0131nan \u00f6nlemler.<\/p>\n<p>\u015eirketimiz, kullan\u0131c\u0131n\u0131n ki\u015fisel bilgilerini \u00fc\u00e7\u00fcnc\u00fc taraflarca yetkisiz veya kazara eri\u015fim, imha, de\u011fi\u015fiklik, engelleme, kopyalama, da\u011f\u0131t\u0131m ve di\u011fer yasa d\u0131\u015f\u0131 eylemlerden korumak i\u00e7in gerekli ve yeterli organizasyonel ve teknik \u00f6nlemleri al\u0131r.<\/p>\n<p>[\/vc_column_text][\/vc_column][\/vc_row]<\/p>\n","protected":false},"excerpt":{"rendered":"<p>[vc_row][vc_column][vc_column_text]Lafet House, m\u00fc\u015fterilerimizin haklar\u0131na sayg\u0131 duyar. Ki\u015fisel bilgilerin gizlili\u011finin \u00f6nemini ko\u015fulsuz olarak kabul eder ve ki\u015fisel verilerin \u00fc\u00e7\u00fcnc\u00fc ki\u015filer taraf\u0131ndan yetkisiz eri\u015fime kar\u015f\u0131 korunmas\u0131na ili\u015fkin kurallara (ki\u015fisel verilerin korunmas\u0131) uyar\u0131z. Formu ileti\u015fim bilgileriyle doldurman\u0131z, bu Gizlilik Politikas\u0131&#8217;n\u0131 ve burada belirtilen ki\u015fisel bilgilerin i\u015flenmesine ili\u015fkin \u015fartlar\u0131 kabul etti\u011finiz anlam\u0131na gelir. A\u015fa\u011f\u0131da ki\u015fisel verilerin i\u015flenmesi hakk\u0131nda bilgi [&hellip;]<\/p>\n","protected":false},"author":1,"featured_media":0,"parent":0,"menu_order":0,"comment_status":"closed","ping_status":"closed","template":"","meta":{"footnotes":""},"yst_prominent_words":[],"class_list":["post-2267","page","type-page","status-publish","hentry"],"_links":{"self":[{"href":"https:\/\/lafethouse.com\/tr\/wp-json\/wp\/v2\/pages\/2267","targetHints":{"allow":["GET"]}}],"collection":[{"href":"https:\/\/lafethouse.com\/tr\/wp-json\/wp\/v2\/pages"}],"about":[{"href":"https:\/\/lafethouse.com\/tr\/wp-json\/wp\/v2\/types\/page"}],"author":[{"embeddable":true,"href":"https:\/\/lafethouse.com\/tr\/wp-json\/wp\/v2\/users\/1"}],"replies":[{"embeddable":true,"href":"https:\/\/lafethouse.com\/tr\/wp-json\/wp\/v2\/comments?post=2267"}],"version-history":[{"count":1,"href":"https:\/\/lafethouse.com\/tr\/wp-json\/wp\/v2\/pages\/2267\/revisions"}],"predecessor-version":[{"id":2268,"href":"https:\/\/lafethouse.com\/tr\/wp-json\/wp\/v2\/pages\/2267\/revisions\/2268"}],"wp:attachment":[{"href":"https:\/\/lafethouse.com\/tr\/wp-json\/wp\/v2\/media?parent=2267"}],"wp:term":[{"taxonomy":"yst_prominent_words","embeddable":true,"href":"https:\/\/lafethouse.com\/tr\/wp-json\/wp\/v2\/yst_prominent_words?post=2267"}],"curies":[{"name":"wp","href":"https:\/\/api.w.org\/{rel}","templated":true}]}}